{"id":967,"date":"2020-11-16T14:56:42","date_gmt":"2020-11-16T14:56:42","guid":{"rendered":"https:\/\/www.golstein.nl\/privacybeleid\/"},"modified":"2021-06-28T19:00:23","modified_gmt":"2021-06-28T19:00:23","slug":"datenschutzerklaerung","status":"publish","type":"page","link":"https:\/\/www.golstein.nl\/de\/datenschutzerklaerung\/","title":{"rendered":"Datenschutzerkl\u00e4rung"},"content":{"rendered":"<h2>Verantwortlicher f\u00fcr die Verarbeitung von personenbezogenen Daten:<\/h2>\n<p>VOF Golstein Weegsystemen<\/p>\n<p>Houtmanskampweg 15c<\/p>\n<p>6669 MZ Dodewaard<\/p>\n<p>&nbsp;<\/p>\n<p>Telefonnummer: 0031-(0)488-440755<\/p>\n<p>E-Mail: info@golstein.nl<\/p>\n<p>Website: www.golstein.nl<\/p>\n<p>Anmeldenummer bei der niederl\u00e4ndischen Handelskammer: 64827690<\/p>\n<p>Welche (personenbezogenen) Daten verarbeiten wir?<\/p>\n<p>&nbsp;<\/p>\n<p>Golstein Weegsystemen verarbeitet die (personenbezogenen) Daten ihrer Kunden, Lieferanten und anderer, die Kontakt mit Golstein Weegsystemen haben.<\/p>\n<p>Auf welche Weise werden die (personenbezogenen) Daten erhalten?<\/p>\n<p>&nbsp;<\/p>\n<p>Golstein Weegsystemen erh\u00e4lt diese Daten \u00fcber pers\u00f6nliche Kontakte, das Kontaktformular auf der Website, schriftlich, telefonisch und per E-Mail sowie von der niederl\u00e4ndischen Handelskammer.<\/p>\n<p>Welche (personenbezogenen) Daten werden gespeichert?<\/p>\n<p>&nbsp;<\/p>\n<p>Golstein Weegsystemen speichert die folgenden Daten: Namen, Adressen\/Wohnorte, Telefonnummern und E-Mail-Adressen.<\/p>\n<p>Wof\u00fcr sind diese Daten erforderlich?<\/p>\n<p>&nbsp;<\/p>\n<p>Die Daten sind erforderlich, um Angebote zu erstellen, Auftr\u00e4ge von Kunden auszuf\u00fchren und Bestellungen bei Lieferanten aufzugeben. Dar\u00fcber hinaus sind Daten erforderlich, um Informationsanfragen u. \u00e4. bearbeiten zu k\u00f6nnen. Die Verarbeitung der Daten erfolgt haupts\u00e4chlich aufgrund einer Vereinbarung.<\/p>\n<p>Werden Daten an Dritte weitergegeben?<\/p>\n<p>&nbsp;<\/p>\n<p>Golstein Weegsystemen gibt ohne Zustimmung der betroffenen Personen keine Daten an Dritte weiter. Davon wird in den folgenden F\u00e4llen abgewichen. Daten k\u00f6nnen ohne Zustimmung der betroffenen Personen an Parteien, die von Golstein Weegsystemen zur Ausf\u00fchrung einer Vereinbarung herangezogen werden, weitergegeben werden. Daten werden dann ausschlie\u00dflich f\u00fcr den Zweck verwendet, f\u00fcr den diese zur Verf\u00fcgung gestellt wurden. (Personenbezogene) Daten werden folglich mit Transporteuren, Monteuren, Verwaltern u. \u00c4. geteilt. Die Daten werden nur geteilt, soweit sie f\u00fcr den Auftrag, den dieser Dritte ausf\u00fchrt, erforderlich sind.<\/p>\n<p>Aufbewahrungsfristen<\/p>\n<p>&nbsp;<\/p>\n<p>Kundendaten werden von Golstein Weegsystemen sieben Jahre aufbewahrt. Daten von anderen werden nicht l\u00e4nger aufbewahrt, als erforderlich ist, um die in dieser Datenschutzerkl\u00e4rung angef\u00fchrten Datenverarbeitungszwecke zu erreichen. Die Daten werden von Golstein Weegsystemen unter h\u00f6chster Sorgfalt aufbewahrt. Wenn gesetzliche Fristen gelten, wird Golstein Weegsystemen diese einhalten.<\/p>\n<p>Welche Rechte haben die betroffenen Personen?<\/p>\n<p>&nbsp;<\/p>\n<h2>1. Recht auf Information<\/h2>\n<p>Die betroffenen Personen haben das Recht auf eine verst\u00e4ndliche Erl\u00e4uterung der Art und Weise, wie Golstein Weegsystemen mit ihren personenbezogenen Daten umgeht und welche Rechte die betroffenen Personen in diesem Zusammenhang aus\u00fcben k\u00f6nnen.<\/p>\n<p>&nbsp;<\/p>\n<h2>2. Recht auf Einsichtnahme<\/h2>\n<p>Die betroffenen Personen haben das Recht, Einsicht in die personenbezogenen Daten zu verlangen, die Golstein Weegsystemen von ihnen gespeichert hat. Diese Einsichtnahme kann per E-Mail an info@golstein.nl angefragt werden. Eine Anfrage um Einsichtnahme wird innerhalb von 14 Tagen bearbeitet.<\/p>\n<p>&nbsp;<\/p>\n<h2>3. Recht auf Berichtigung<\/h2>\n<p>Die betroffenen Personen haben das Recht auf Berichtigung von personenbezogenen Daten, wenn diese falsch oder \u00fcberholt sind, bzw. diese bei Unvollst\u00e4ndigkeit erg\u00e4nzen zu lassen. Diese Berichtigung muss per E-Mail an info@golstein.nl mitgeteilt werden. Eine Anfrage um Berichtigung bzw. Erg\u00e4nzung wird innerhalb von 14 Tagen bearbeitet.<\/p>\n<p>&nbsp;<\/p>\n<h2>4. Recht auf L\u00f6schung<\/h2>\n<p>Die betroffenen Personen haben das Recht, die von ihnen bereitgestellten personenbezogenen Daten l\u00f6schen zu lassen. Diese L\u00f6schung muss per E-Mail an info@golstein.nl mitgeteilt werden. Eine Anfrage um L\u00f6schung wird innerhalb von 14 Tagen bearbeitet. Daten, die aufgrund des Gesetzes bewahrt werden m\u00fcssen oder d\u00fcrfen, werden nicht gel\u00f6scht.<\/p>\n<p>&nbsp;<\/p>\n<h2>5. Widerspruchsrecht<\/h2>\n<p>Die betroffenen Personen haben das Recht, gegen die Verarbeitung der personenbezogenen Daten Einspruch zu erheben, wenn sie mit der Art und Weise, wie Golstein Weegsystemen ihre personenbezogenen Daten verarbeitet, nicht einverstanden sind. Sie k\u00f6nnen Einspruch erheben, indem Sie eine E-Mail an info@golstein.nl senden. Innerhalb von 30 Tagen nach Einlegen eines Einspruchs erh\u00e4lt die betroffene Person per E-Mail eine Antwort von Golstein Weegsystemen.<\/p>\n<p>&nbsp;<\/p>\n<h2>6. Recht auf Daten\u00fcbertragbarkeit<\/h2>\n<p>Die betroffenen Personen haben das Recht, die im Rahmen eines mit Golstein Weegsystemen abgeschlossenen Vertrags bereitgestellten Daten in einem maschinenlesbaren Format zu erhalten, sodass diese Daten gespeichert werden k\u00f6nnen. Innerhalb von 14 Tagen nach einer diesbez\u00fcglichen Anfrage per E-Mail an info@golstein.nl werden diese Daten von Golstein Weegsystemen zugeschickt.<\/p>\n<p>&nbsp;<\/p>\n<h2>7. Recht, eine Beschwerde einzulegen<\/h2>\n<p>Die betroffenen Personen haben das Recht, bei Golstein Weegsystemen Beschwerde einzulegen \u00fcber die Art und Weise, wie Golstein Weegsystemen mit ihren personenbezogenen Daten umgeht. Golstein Weegsystemen l\u00f6st Beschwerden gerne selbst. Wenn Sie eine Beschwerde haben, senden Sie uns bitte eine E-Mail an info@golstein.nl. Innerhalb von 30 Tagen nach Erhalt einer Beschwerde erh\u00e4lt die betroffene Person eine Antwort per E-Mail. Die betroffenen Personen haben auch das Recht, bei der niederl\u00e4ndischen Aufsichtsbeh\u00f6rde f\u00fcr personenbezogene Daten (www.autoriteitpersoonsgegevens.nl) eine Beschwerde einzulegen.<\/p>\n<p>Schutz der personenbezogenen Daten<\/p>\n<p>&nbsp;<\/p>\n<p>Die personenbezogenen Daten werden innerhalb des Europ\u00e4ischen Wirtschaftsraum gespeichert. Golstein Weegsystemen sorgt f\u00fcr angemessene technische und organisatorische Ma\u00dfnahmen zum Schutz der Daten. Alle personenbezogenen Daten werden innerhalb der Administration von Golstein Weegsystemen sicher gespeichert. Golstein Weegsystemen registriert, wer Zugang zu den personenbezogenen Daten (gehabt) hat.<\/p>\n<p>&nbsp;<\/p>\n<p>Golstein Weegsystemen beh\u00e4lt sich das Recht vor, diese Datenschutzerkl\u00e4rung anzupassen.<\/p>\n<p>&nbsp;<\/p>\n<p>November 2018.<\/p>\n<p>&nbsp;<\/p>\n","protected":false},"excerpt":{"rendered":"<p>Verantwortlicher f\u00fcr die Verarbeitung von personenbezogenen Daten: VOF Golstein Weegsystemen Houtmanskampweg 15c 6669 MZ Dodewaard &nbsp; Telefonnummer: 0031-(0)488-440755 E-Mail: info@golstein.nl Website: www.golstein.nl Anmeldenummer bei der niederl\u00e4ndischen Handelskammer: 64827690 Welche (personenbezogenen) Daten verarbeiten wir? &nbsp; Golstein Weegsystemen verarbeitet die (personenbezogenen) Daten ihrer Kunden, Lieferanten und anderer, die Kontakt mit Golstein Weegsystemen haben. Auf welche Weise werden [&hellip;]<\/p>\n","protected":false},"author":1,"featured_media":0,"parent":0,"menu_order":11,"comment_status":"closed","ping_status":"open","template":"","meta":{"_acf_changed":false,"footnotes":""},"class_list":["post-967","page","type-page","status-publish","hentry"],"acf":[],"yoast_head":"<!-- This site is optimized with the Yoast SEO plugin v27.6 - https:\/\/yoast.com\/product\/yoast-seo-wordpress\/ -->\n<title>Datenschutzerkl\u00e4rung - Golstein<\/title>\n<meta name=\"robots\" content=\"index, follow, max-snippet:-1, max-image-preview:large, max-video-preview:-1\" \/>\n<link rel=\"canonical\" href=\"https:\/\/www.golstein.nl\/de\/datenschutzerklaerung\/\" \/>\n<meta property=\"og:locale\" content=\"de_DE\" \/>\n<meta property=\"og:type\" content=\"article\" \/>\n<meta property=\"og:title\" content=\"Datenschutzerkl\u00e4rung - Golstein\" \/>\n<meta property=\"og:description\" content=\"Verantwortlicher f\u00fcr die Verarbeitung von personenbezogenen Daten: VOF Golstein Weegsystemen Houtmanskampweg 15c 6669 MZ Dodewaard &nbsp; Telefonnummer: 0031-(0)488-440755 E-Mail: info@golstein.nl Website: www.golstein.nl Anmeldenummer bei der niederl\u00e4ndischen Handelskammer: 64827690 Welche (personenbezogenen) Daten verarbeiten wir? &nbsp; Golstein Weegsystemen verarbeitet die (personenbezogenen) Daten ihrer Kunden, Lieferanten und anderer, die Kontakt mit Golstein Weegsystemen haben. Auf welche Weise werden [&hellip;]\" \/>\n<meta property=\"og:url\" content=\"https:\/\/www.golstein.nl\/de\/datenschutzerklaerung\/\" \/>\n<meta property=\"og:site_name\" content=\"Golstein\" \/>\n<meta property=\"article:modified_time\" content=\"2021-06-28T19:00:23+00:00\" \/>\n<meta name=\"twitter:card\" content=\"summary_large_image\" \/>\n<meta name=\"twitter:label1\" content=\"Gesch\u00e4tzte Lesezeit\" \/>\n\t<meta name=\"twitter:data1\" content=\"4\u00a0Minuten\" \/>\n<script type=\"application\/ld+json\" class=\"yoast-schema-graph\">{\"@context\":\"https:\\\/\\\/schema.org\",\"@graph\":[{\"@type\":\"WebPage\",\"@id\":\"https:\\\/\\\/www.golstein.nl\\\/de\\\/datenschutzerklaerung\\\/\",\"url\":\"https:\\\/\\\/www.golstein.nl\\\/de\\\/datenschutzerklaerung\\\/\",\"name\":\"Datenschutzerkl\u00e4rung - Golstein\",\"isPartOf\":{\"@id\":\"https:\\\/\\\/www.golstein.nl\\\/de\\\/#website\"},\"datePublished\":\"2020-11-16T14:56:42+00:00\",\"dateModified\":\"2021-06-28T19:00:23+00:00\",\"breadcrumb\":{\"@id\":\"https:\\\/\\\/www.golstein.nl\\\/de\\\/datenschutzerklaerung\\\/#breadcrumb\"},\"inLanguage\":\"de\",\"potentialAction\":[{\"@type\":\"ReadAction\",\"target\":[\"https:\\\/\\\/www.golstein.nl\\\/de\\\/datenschutzerklaerung\\\/\"]}]},{\"@type\":\"BreadcrumbList\",\"@id\":\"https:\\\/\\\/www.golstein.nl\\\/de\\\/datenschutzerklaerung\\\/#breadcrumb\",\"itemListElement\":[{\"@type\":\"ListItem\",\"position\":1,\"name\":\"Home\",\"item\":\"https:\\\/\\\/www.golstein.nl\\\/de\\\/\"},{\"@type\":\"ListItem\",\"position\":2,\"name\":\"Datenschutzerkl\u00e4rung\"}]},{\"@type\":\"WebSite\",\"@id\":\"https:\\\/\\\/www.golstein.nl\\\/de\\\/#website\",\"url\":\"https:\\\/\\\/www.golstein.nl\\\/de\\\/\",\"name\":\"Golstein\",\"description\":\"\",\"potentialAction\":[{\"@type\":\"SearchAction\",\"target\":{\"@type\":\"EntryPoint\",\"urlTemplate\":\"https:\\\/\\\/www.golstein.nl\\\/de\\\/?s={search_term_string}\"},\"query-input\":{\"@type\":\"PropertyValueSpecification\",\"valueRequired\":true,\"valueName\":\"search_term_string\"}}],\"inLanguage\":\"de\"}]}<\/script>\n<!-- \/ Yoast SEO plugin. -->","yoast_head_json":{"title":"Datenschutzerkl\u00e4rung - Golstein","robots":{"index":"index","follow":"follow","max-snippet":"max-snippet:-1","max-image-preview":"max-image-preview:large","max-video-preview":"max-video-preview:-1"},"canonical":"https:\/\/www.golstein.nl\/de\/datenschutzerklaerung\/","og_locale":"de_DE","og_type":"article","og_title":"Datenschutzerkl\u00e4rung - Golstein","og_description":"Verantwortlicher f\u00fcr die Verarbeitung von personenbezogenen Daten: VOF Golstein Weegsystemen Houtmanskampweg 15c 6669 MZ Dodewaard &nbsp; Telefonnummer: 0031-(0)488-440755 E-Mail: info@golstein.nl Website: www.golstein.nl Anmeldenummer bei der niederl\u00e4ndischen Handelskammer: 64827690 Welche (personenbezogenen) Daten verarbeiten wir? &nbsp; Golstein Weegsystemen verarbeitet die (personenbezogenen) Daten ihrer Kunden, Lieferanten und anderer, die Kontakt mit Golstein Weegsystemen haben. Auf welche Weise werden [&hellip;]","og_url":"https:\/\/www.golstein.nl\/de\/datenschutzerklaerung\/","og_site_name":"Golstein","article_modified_time":"2021-06-28T19:00:23+00:00","twitter_card":"summary_large_image","twitter_misc":{"Gesch\u00e4tzte Lesezeit":"4\u00a0Minuten"},"schema":{"@context":"https:\/\/schema.org","@graph":[{"@type":"WebPage","@id":"https:\/\/www.golstein.nl\/de\/datenschutzerklaerung\/","url":"https:\/\/www.golstein.nl\/de\/datenschutzerklaerung\/","name":"Datenschutzerkl\u00e4rung - Golstein","isPartOf":{"@id":"https:\/\/www.golstein.nl\/de\/#website"},"datePublished":"2020-11-16T14:56:42+00:00","dateModified":"2021-06-28T19:00:23+00:00","breadcrumb":{"@id":"https:\/\/www.golstein.nl\/de\/datenschutzerklaerung\/#breadcrumb"},"inLanguage":"de","potentialAction":[{"@type":"ReadAction","target":["https:\/\/www.golstein.nl\/de\/datenschutzerklaerung\/"]}]},{"@type":"BreadcrumbList","@id":"https:\/\/www.golstein.nl\/de\/datenschutzerklaerung\/#breadcrumb","itemListElement":[{"@type":"ListItem","position":1,"name":"Home","item":"https:\/\/www.golstein.nl\/de\/"},{"@type":"ListItem","position":2,"name":"Datenschutzerkl\u00e4rung"}]},{"@type":"WebSite","@id":"https:\/\/www.golstein.nl\/de\/#website","url":"https:\/\/www.golstein.nl\/de\/","name":"Golstein","description":"","potentialAction":[{"@type":"SearchAction","target":{"@type":"EntryPoint","urlTemplate":"https:\/\/www.golstein.nl\/de\/?s={search_term_string}"},"query-input":{"@type":"PropertyValueSpecification","valueRequired":true,"valueName":"search_term_string"}}],"inLanguage":"de"}]}},"_links":{"self":[{"href":"https:\/\/www.golstein.nl\/de\/wp-json\/wp\/v2\/pages\/967","targetHints":{"allow":["GET"]}}],"collection":[{"href":"https:\/\/www.golstein.nl\/de\/wp-json\/wp\/v2\/pages"}],"about":[{"href":"https:\/\/www.golstein.nl\/de\/wp-json\/wp\/v2\/types\/page"}],"author":[{"embeddable":true,"href":"https:\/\/www.golstein.nl\/de\/wp-json\/wp\/v2\/users\/1"}],"replies":[{"embeddable":true,"href":"https:\/\/www.golstein.nl\/de\/wp-json\/wp\/v2\/comments?post=967"}],"version-history":[{"count":1,"href":"https:\/\/www.golstein.nl\/de\/wp-json\/wp\/v2\/pages\/967\/revisions"}],"predecessor-version":[{"id":968,"href":"https:\/\/www.golstein.nl\/de\/wp-json\/wp\/v2\/pages\/967\/revisions\/968"}],"wp:attachment":[{"href":"https:\/\/www.golstein.nl\/de\/wp-json\/wp\/v2\/media?parent=967"}],"curies":[{"name":"wp","href":"https:\/\/api.w.org\/{rel}","templated":true}]}}